{"id":4418,"date":"2026-03-05T18:54:57","date_gmt":"2026-03-05T18:54:57","guid":{"rendered":"https:\/\/development.prolegal.se\/?page_id=4418"},"modified":"2026-04-10T07:03:57","modified_gmt":"2026-04-10T07:03:57","slug":"samarbetspartners","status":"publish","type":"page","link":"https:\/\/prolegal.se\/en\/om-prolegal\/samarbetspartners\/","title":{"rendered":"Partners"},"content":{"rendered":"<p>[et_pb_section fb_built=&#8221;1&#8243; admin_label=&#8221;Mall tj\u00e4nster&#8221; _builder_version=&#8221;4.27.5&#8243; _module_preset=&#8221;default&#8221; background_color=&#8221;#3d384a&#8221; use_background_color_gradient=&#8221;on&#8221; background_color_gradient_stops=&#8221;rgba(0,0,0,0.15) 0%|rgba(0,0,0,0.13) 98%&#8221; background_color_gradient_overlays_image=&#8221;on&#8221; background_enable_image=&#8221;off&#8221; background_position=&#8221;top_center&#8221; position_origin_a=&#8221;top_center&#8221; z_index=&#8221;0&#8243; height=&#8221;30vw&#8221; height_tablet=&#8221;100vw&#8221; height_phone=&#8221;100vw&#8221; height_last_edited=&#8221;on|desktop&#8221; custom_margin=&#8221;0px|0px|0px|0px|true|true&#8221; custom_padding=&#8221;0px|0px|0px|0px|true|true&#8221; sticky_position=&#8221;top&#8221; sticky_position_tablet=&#8221;none&#8221; sticky_position_phone=&#8221;none&#8221; sticky_position_last_edited=&#8221;on|tablet&#8221; locked=&#8221;off&#8221; global_colors_info=&#8221;{}&#8221;][et_pb_row use_custom_gutter=&#8221;on&#8221; gutter_width=&#8221;1&#8243; _builder_version=&#8221;4.27.5&#8243; _module_preset=&#8221;default&#8221; positioning=&#8221;absolute&#8221; position_origin_a=&#8221;bottom_center&#8221; vertical_offset=&#8221;58px&#8221; vertical_offset_tablet=&#8221;40px&#8221; vertical_offset_phone=&#8221;40px&#8221; vertical_offset_last_edited=&#8221;on|desktop&#8221; position_origin_a_tablet=&#8221;bottom_center&#8221; position_origin_a_phone=&#8221;bottom_center&#8221; position_origin_a_last_edited=&#8221;on|desktop&#8221; position_origin_f_tablet=&#8221;&#8221; position_origin_f_phone=&#8221;&#8221; position_origin_f_last_edited=&#8221;on|desktop&#8221; position_origin_r_tablet=&#8221;&#8221; position_origin_r_phone=&#8221;&#8221; position_origin_r_last_edited=&#8221;on|desktop&#8221; width=&#8221;95%&#8221; width_tablet=&#8221;90%&#8221; width_phone=&#8221;90%&#8221; width_last_edited=&#8221;on|tablet&#8221; max_width=&#8221;95%&#8221; custom_padding=&#8221;0px||0px||true|false&#8221; sticky_position=&#8221;top&#8221; positioning_tablet=&#8221;absolute&#8221; positioning_phone=&#8221;absolute&#8221; positioning_last_edited=&#8221;on|desktop&#8221; sticky_position_tablet=&#8221;none&#8221; sticky_position_phone=&#8221;none&#8221; sticky_position_last_edited=&#8221;on|phone&#8221; locked=&#8221;off&#8221; global_colors_info=&#8221;{}&#8221;][et_pb_column type=&#8221;4_4&#8243; _builder_version=&#8221;4.27.5&#8243; _module_preset=&#8221;default&#8221; global_colors_info=&#8221;{}&#8221;][et_pb_text _builder_version=&#8221;4.27.5&#8243; _module_preset=&#8221;default&#8221; text_font=&#8221;Playfair Display|500|||||||&#8221; text_text_color=&#8221;#FFFFFF&#8221; text_font_size=&#8221;3.1vw&#8221; text_line_height=&#8221;1.3em&#8221; header_font=&#8221;Noto Sans|||on|||||&#8221; header_text_color=&#8221;#FFFFFF&#8221; header_font_size=&#8221;0.9vw&#8221; header_letter_spacing=&#8221;2px&#8221; header_line_height=&#8221;2em&#8221; width=&#8221;100%&#8221; animation_style=&#8221;slide&#8221; animation_direction=&#8221;bottom&#8221; animation_duration=&#8221;1500ms&#8221; animation_delay=&#8221;50ms&#8221; animation_intensity_slide=&#8221;30%&#8221; animation_starting_opacity=&#8221;100%&#8221; text_font_size_tablet=&#8221;55px&#8221; text_font_size_phone=&#8221;24px&#8221; text_font_size_last_edited=&#8221;on|phone&#8221; header_font_size_tablet=&#8221;14px&#8221; header_font_size_phone=&#8221;14px&#8221; header_font_size_last_edited=&#8221;on|tablet&#8221; locked=&#8221;off&#8221; global_colors_info=&#8221;{}&#8221;]<\/p>\n<p>V\u00e5ra samarbetspartners kompletterar v\u00e5r kompetens och bidrar till helhetsl\u00f6sningar anpassade efter kundens behov.<\/p>\n<p>[\/et_pb_text][\/et_pb_column][\/et_pb_row][\/et_pb_section][et_pb_section fb_built=&#8221;1&#8243; custom_padding_last_edited=&#8221;on|tablet&#8221; admin_label=&#8221;Hur vi arbetar med tj\u00e4nsten&#8221; _builder_version=&#8221;4.27.5&#8243; _module_preset=&#8221;default&#8221; background_color=&#8221;#f0eee9&#8243; z_index=&#8221;1&#8243; custom_padding=&#8221;||65px||false|false&#8221; custom_padding_tablet=&#8221;||100px||false|false&#8221; custom_padding_phone=&#8221;||100px||false|false&#8221; locked=&#8221;off&#8221; global_colors_info=&#8221;{}&#8221;][et_pb_row _builder_version=&#8221;4.27.5&#8243; _module_preset=&#8221;default&#8221; width=&#8221;95%&#8221; width_tablet=&#8221;90%&#8221; width_phone=&#8221;90%&#8221; width_last_edited=&#8221;on|tablet&#8221; max_width=&#8221;95%&#8221; custom_margin=&#8221;|auto|60px|auto|false|false&#8221; custom_margin_tablet=&#8221;||50px||false|false&#8221; custom_margin_phone=&#8221;||25px||false|false&#8221; custom_margin_last_edited=&#8221;on|phone&#8221; custom_padding=&#8221;10px||||false|false&#8221; animation_style=&#8221;slide&#8221; animation_direction=&#8221;bottom&#8221; animation_duration=&#8221;1500ms&#8221; animation_delay=&#8221;50ms&#8221; animation_intensity_slide=&#8221;20%&#8221; animation_starting_opacity=&#8221;100%&#8221; border_width_top=&#8221;1px&#8221; border_color_top=&#8221;#000000&#8243; locked=&#8221;off&#8221; global_colors_info=&#8221;{}&#8221;][et_pb_column type=&#8221;4_4&#8243; _builder_version=&#8221;4.27.5&#8243; _module_preset=&#8221;default&#8221; global_colors_info=&#8221;{}&#8221;][dipl_breadcrumb breadcrumb_layout=&#8221;layout2&#8243; separator_color=&#8221;#3d384a&#8221; use_home_link_custom_text=&#8221;off&#8221; use_home_link_icon=&#8221;on&#8221; hide_home_text=&#8221;on&#8221; home_link_icon=&#8221;&#x31;||divi||400&#8243; home_link_icon_color=&#8221;#d64a50&#8243; home_link_icon_size=&#8221;18px&#8221; _builder_version=&#8221;4.27.5&#8243; _module_preset=&#8221;default&#8221; global_text_settings_font_size=&#8221;0.9vw&#8221; text_font=&#8221;Noto Sans|||on|||||&#8221; text_text_color=&#8221;#2a2a2a&#8221; text_letter_spacing=&#8221;1px&#8221; link_font=&#8221;Noto Sans|||on|||||&#8221; link_text_color=&#8221;#d64a50&#8243; link_letter_spacing=&#8221;1px&#8221; hover_enabled=&#8221;0&#8243; global_text_settings_font_size_tablet=&#8221;14px&#8221; global_text_settings_font_size_phone=&#8221;11px&#8221; global_text_settings_font_size_last_edited=&#8221;on|phone&#8221; locked=&#8221;off&#8221; global_colors_info=&#8221;{}&#8221; sticky_enabled=&#8221;0&#8243;][\/dipl_breadcrumb][\/et_pb_column][\/et_pb_row][et_pb_row column_structure=&#8221;1_3,2_3&#8243; use_custom_gutter=&#8221;on&#8221; gutter_width=&#8221;2&#8243; custom_padding_last_edited=&#8221;on|desktop&#8221; _builder_version=&#8221;4.27.5&#8243; _module_preset=&#8221;default&#8221; width=&#8221;95%&#8221; width_tablet=&#8221;90%&#8221; width_phone=&#8221;90%&#8221; width_last_edited=&#8221;on|tablet&#8221; max_width=&#8221;95%&#8221; custom_margin=&#8221;||100px||false|false&#8221; custom_padding=&#8221;||100px||false|false&#8221; custom_padding_tablet=&#8221;||7vh||false|false&#8221; custom_padding_phone=&#8221;||7vh||false|false&#8221; sticky_limit_bottom=&#8221;section&#8221; sticky_position_tablet=&#8221;none&#8221; sticky_position_phone=&#8221;none&#8221; sticky_position_last_edited=&#8221;on|desktop&#8221; border_color_top=&#8221;#000000&#8243; border_width_bottom=&#8221;1px&#8221; locked=&#8221;off&#8221; global_colors_info=&#8221;{}&#8221;][et_pb_column type=&#8221;1_3&#8243; _builder_version=&#8221;4.27.5&#8243; _module_preset=&#8221;default&#8221; global_colors_info=&#8221;{}&#8221;][et_pb_cta _builder_version=&#8221;4.27.5&#8243; _module_preset=&#8221;default&#8221; background_image=&#8221;https:\/\/prolegal.se\/wp-content\/uploads\/2025\/09\/IMG_1334-1.jpg&#8221; background_position=&#8221;top_center&#8221; height=&#8221;30vw&#8221; height_tablet=&#8221;100vw&#8221; height_phone=&#8221;100vw&#8221; height_last_edited=&#8221;on|tablet&#8221; custom_margin_tablet=&#8221;||40px||false|false&#8221; custom_margin_phone=&#8221;||30px||false|false&#8221; custom_margin_last_edited=&#8221;on|phone&#8221; custom_padding_tablet=&#8221;&#8221; custom_padding_phone=&#8221;&#8221; custom_padding_last_edited=&#8221;on|tablet&#8221; border_radii=&#8221;on|25px|25px|25px|25px&#8221; global_colors_info=&#8221;{}&#8221;][\/et_pb_cta][\/et_pb_column][et_pb_column type=&#8221;2_3&#8243; _builder_version=&#8221;4.27.5&#8243; _module_preset=&#8221;default&#8221; global_colors_info=&#8221;{}&#8221;][et_pb_text _builder_version=&#8221;4.27.5&#8243; _module_preset=&#8221;default&#8221; header_2_font=&#8221;Playfair Display|700|||||||&#8221; header_2_text_color=&#8221;#000000&#8243; header_2_font_size=&#8221;2.8vw&#8221; header_2_line_height=&#8221;1.2em&#8221; header_3_font=&#8221;Playfair Display|700|||||||&#8221; header_3_font_size=&#8221;3vw&#8221; header_3_line_height=&#8221;1.2em&#8221; width=&#8221;90%&#8221; width_tablet=&#8221;100%&#8221; width_phone=&#8221;100%&#8221; width_last_edited=&#8221;on|desktop&#8221; custom_margin=&#8221;||20px||false|false&#8221; animation_style=&#8221;slide&#8221; animation_direction=&#8221;bottom&#8221; animation_duration=&#8221;1500ms&#8221; animation_delay=&#8221;50ms&#8221; animation_intensity_slide=&#8221;30%&#8221; header_2_font_size_tablet=&#8221;55px&#8221; header_2_font_size_phone=&#8221;44px&#8221; header_2_font_size_last_edited=&#8221;on|desktop&#8221; global_colors_info=&#8221;{}&#8221;]<\/p>\n<h2>Vide Leadership<\/h2>\n<p>[\/et_pb_text][et_pb_text module_class=&#8221;fluid-body p&#8221; _builder_version=&#8221;4.27.5&#8243; _module_preset=&#8221;default&#8221; text_font=&#8221;Noto Sans|300|||||||&#8221; text_text_color=&#8221;#000000&#8243; text_font_size=&#8221;1.2vw&#8221; text_line_height=&#8221;1.5em&#8221; header_3_font=&#8221;Noto Sans||||||||&#8221; header_3_font_size=&#8221;1.8vw&#8221; header_3_line_height=&#8221;1.3em&#8221; width_tablet=&#8221;&#8221; width_phone=&#8221;&#8221; width_last_edited=&#8221;on|desktop&#8221; custom_margin=&#8221;||30px||false|false&#8221; custom_padding=&#8221;|10vw|||false|false&#8221; custom_padding_tablet=&#8221;|0vw|||false|false&#8221; custom_padding_phone=&#8221;|0vw|||false|false&#8221; custom_padding_last_edited=&#8221;on|desktop&#8221; animation_style=&#8221;slide&#8221; animation_direction=&#8221;bottom&#8221; animation_duration=&#8221;1500ms&#8221; animation_intensity_slide=&#8221;5%&#8221; animation_starting_opacity=&#8221;100%&#8221; text_font_size_tablet=&#8221;20px&#8221; text_font_size_phone=&#8221;16px&#8221; text_font_size_last_edited=&#8221;on|phone&#8221; header_3_font_size_tablet=&#8221;30px&#8221; header_3_font_size_phone=&#8221;30px&#8221; header_3_font_size_last_edited=&#8221;on|desktop&#8221; locked=&#8221;off&#8221; global_colors_info=&#8221;{}&#8221;]<\/p>\n<p>Inom omr\u00e5det Strategi &amp; Ledarskap samarbetar ProLegal med Vide Leadership som drivs av Nina Wittholt.<\/p>\n<p><strong>Strategi &amp; Ledarskap<\/strong><\/p>\n<p><strong>\u2013 F\u00f6r bolagsjuristfunktioner i utveckling<\/strong><\/p>\n<p>Vide Leadership erbjuder r\u00e5dgivning, coaching och utvecklingsst\u00f6d till bolagsjuristfunktioner som vill st\u00e4rka sitt bidrag till aff\u00e4ren, f\u00f6rflytta sin position internt och arbeta mer samspelt, strategiskt och h\u00e5llbart.<\/p>\n<p>Vide Leadership hj\u00e4lper juristfunktioner i tillv\u00e4xt, omst\u00e4llning eller f\u00f6r\u00e4ndring att utveckla sitt arbetss\u00e4tt, sin inre effektivitet och sin relation till \u00f6vriga organisationen \u2013 med aff\u00e4rsnytta och samspel i fokus.<\/p>\n<p><strong><em>Tj\u00e4nsteomr\u00e5den<\/em><\/strong><\/p>\n<p><strong>Funktionsutveckling och f\u00f6r\u00e4ndringsledning<\/strong><br \/>Utvecklingsst\u00f6d f\u00f6r juristfunktioner som vill sk\u00e4rpa uppdrag, roller, struktur och arbetss\u00e4tt \u2013 och \u00f6ka aff\u00e4rsn\u00e4rhet, proaktivitet och effektivitet. Inkluderar t. ex nul\u00e4gesanalys, faciliterade processer och implementeringsst\u00f6d.<\/p>\n<p><strong>Chefscoachning och ledarst\u00f6d<\/strong><br \/>Individuellt st\u00f6d till chefsjurister eller andra seniora jurister i ledande roller \u2013 s\u00e4rskilt i skeden av f\u00f6r\u00e4ndring, tillv\u00e4xt eller omorganisation. Fokus p\u00e5 ledarskap, kommunikation, positionering och f\u00f6rflyttning.<\/p>\n<p><strong>Teamutveckling f\u00f6r juristteam<\/strong><br \/>Teamcoachning, faciliterade utvecklingsdagar och processledning f\u00f6r att st\u00e4rka samarbete, ansvarstagande, prestation och effektivitet i team. Anpassas efter teamets behov, erfarenhetsniv\u00e5 och uppdrag<\/p>\n<p><strong><em>S\u00e5 arbetar Vide Leadership<\/em><\/strong><\/p>\n<p>F\u00f6r mer information om hur Vide Leadership arbetar samt priss\u00e4ttning l\u00e4s mer p\u00e5<span>\u00a0<\/span><a href=\"http:\/\/www.videleadership.se\/\">www.videleadership.se<\/a><span>\u00a0<\/span>eller kontakta Nina Wittholt, mobil: 0705-842427, e-post:<span>\u00a0<\/span><a href=\"mailto:nina.wittholt@videleadership.se\">nina.wittholt@videleadership.se<\/a><\/p>\n<p>[\/et_pb_text][\/et_pb_column][\/et_pb_row][et_pb_row column_structure=&#8221;1_3,2_3&#8243; use_custom_gutter=&#8221;on&#8221; gutter_width=&#8221;2&#8243; custom_padding_last_edited=&#8221;on|desktop&#8221; _builder_version=&#8221;4.27.5&#8243; _module_preset=&#8221;default&#8221; width=&#8221;95%&#8221; width_tablet=&#8221;90%&#8221; width_phone=&#8221;90%&#8221; width_last_edited=&#8221;on|tablet&#8221; max_width=&#8221;95%&#8221; custom_margin=&#8221;||100px||false|false&#8221; custom_padding=&#8221;||35px||false|false&#8221; custom_padding_tablet=&#8221;||7vh||false|false&#8221; custom_padding_phone=&#8221;||7vh||false|false&#8221; sticky_limit_bottom=&#8221;section&#8221; sticky_position_tablet=&#8221;none&#8221; sticky_position_phone=&#8221;none&#8221; sticky_position_last_edited=&#8221;on|desktop&#8221; locked=&#8221;off&#8221; global_colors_info=&#8221;{}&#8221;][et_pb_column type=&#8221;1_3&#8243; _builder_version=&#8221;4.27.5&#8243; _module_preset=&#8221;default&#8221; global_colors_info=&#8221;{}&#8221;][et_pb_cta _builder_version=&#8221;4.27.5&#8243; _module_preset=&#8221;default&#8221; background_image=&#8221;https:\/\/prolegal.se\/wp-content\/uploads\/2021\/05\/vattenflaska_1984x1984_meckad.jpeg&#8221; background_position=&#8221;top_center&#8221; height=&#8221;30vw&#8221; height_tablet=&#8221;100vw&#8221; height_phone=&#8221;100vw&#8221; height_last_edited=&#8221;on|tablet&#8221; border_radii=&#8221;on|25px|25px|25px|25px&#8221; global_colors_info=&#8221;{}&#8221;][\/et_pb_cta][\/et_pb_column][et_pb_column type=&#8221;2_3&#8243; _builder_version=&#8221;4.27.5&#8243; _module_preset=&#8221;default&#8221; global_colors_info=&#8221;{}&#8221;][et_pb_text _builder_version=&#8221;4.27.5&#8243; _module_preset=&#8221;default&#8221; header_2_font=&#8221;Playfair Display|700|||||||&#8221; header_2_text_color=&#8221;#000000&#8243; header_2_font_size=&#8221;2.8vw&#8221; header_2_line_height=&#8221;1.2em&#8221; header_3_font=&#8221;Playfair Display|700|||||||&#8221; header_3_font_size=&#8221;3vw&#8221; header_3_line_height=&#8221;1.2em&#8221; width=&#8221;90%&#8221; width_tablet=&#8221;100%&#8221; width_phone=&#8221;100%&#8221; width_last_edited=&#8221;on|desktop&#8221; custom_margin=&#8221;||20px||false|false&#8221; animation_style=&#8221;slide&#8221; animation_direction=&#8221;bottom&#8221; animation_duration=&#8221;1500ms&#8221; animation_delay=&#8221;50ms&#8221; animation_intensity_slide=&#8221;30%&#8221; header_2_font_size_tablet=&#8221;55px&#8221; header_2_font_size_phone=&#8221;44px&#8221; header_2_font_size_last_edited=&#8221;on|desktop&#8221; global_colors_info=&#8221;{}&#8221;]<\/p>\n<h3>VA Strategi<\/h3>\n<p>[\/et_pb_text][et_pb_text module_class=&#8221;fluid-body p&#8221; _builder_version=&#8221;4.27.5&#8243; _module_preset=&#8221;default&#8221; text_font=&#8221;Noto Sans|300|||||||&#8221; text_text_color=&#8221;#000000&#8243; text_font_size=&#8221;1.2vw&#8221; text_line_height=&#8221;1.5em&#8221; header_3_font=&#8221;Noto Sans||||||||&#8221; header_3_font_size=&#8221;1.8vw&#8221; header_3_line_height=&#8221;1.3em&#8221; width_tablet=&#8221;&#8221; width_phone=&#8221;&#8221; width_last_edited=&#8221;on|desktop&#8221; custom_margin=&#8221;||30px||false|false&#8221; custom_padding=&#8221;|10vw|||false|false&#8221; custom_padding_tablet=&#8221;|0vw|||false|false&#8221; custom_padding_phone=&#8221;|0vw|||false|false&#8221; custom_padding_last_edited=&#8221;on|desktop&#8221; animation_style=&#8221;slide&#8221; animation_direction=&#8221;bottom&#8221; animation_duration=&#8221;1500ms&#8221; animation_intensity_slide=&#8221;5%&#8221; animation_starting_opacity=&#8221;100%&#8221; text_font_size_tablet=&#8221;20px&#8221; text_font_size_phone=&#8221;16px&#8221; text_font_size_last_edited=&#8221;on|phone&#8221; header_3_font_size_tablet=&#8221;30px&#8221; header_3_font_size_phone=&#8221;30px&#8221; header_3_font_size_last_edited=&#8221;on|desktop&#8221; locked=&#8221;off&#8221; global_colors_info=&#8221;{}&#8221;]<\/p>\n<p><span>ProLegal har sedan 2020 ett sp\u00e4nnande och n\u00e4ra samarbete med\u00a0<\/span><a href=\"https:\/\/www.vastrategi.se\/\" target=\"_blank\" rel=\"noopener\">VA Strategi<\/a><span>, som \u00e4r specialiserade p\u00e5 strategiska och juridiska fr\u00e5gor inom kommunal vatten- och avloppshantering. ProLegal anlitas av VA Strategi som r\u00e5dgivare inom VA-juridik och vi h\u00e5ller gemensamma utbildningar f\u00f6r handl\u00e4ggare och chefer i kommuner och kommunala bolag.<\/span><\/p>\n<p>[\/et_pb_text][\/et_pb_column][\/et_pb_row][\/et_pb_section]<\/p>\n","protected":false},"excerpt":{"rendered":"<p>V\u00e5ra samarbetspartners kompletterar v\u00e5r kompetens och bidrar till helhetsl\u00f6sningar anpassade efter kundens behov.<div class=\"et_pb_module dipl_breadcrumb dipl_breadcrumb_0\">\n\t\t\t\t\n\t\t\t\t\n\t\t\t\t\n\t\t\t\t\n\t\t\t\t\n\t\t\t\t\n\t\t\t\t<div class=\"et_pb_module_inner\">\n\t\t\t\t\t<div class=\"dipl-breadcrumb-wrapper layout2\">\n\t\t\t\t<ol class=\"dipl-breadcrumb-inner\" vocab=\"https:\/\/schema.org\/\" typeof=\"BreadcrumbList\">\n\t\t\t\t\t<li property=\"itemListElement\" typeof=\"ListItem\" data-icon=\"&#x24;\">\n\t\t\t\t\t\t\t\t<a class=\"breadcrumb-item dipl-home-page\" href=\"https:\/\/prolegal.se\/en\" property=\"item\" typeof=\"WebPage\" >\n\t\t\t\t\t\t\t\t\t<span class=\"breadcrumb-page\" property=\"name\">\n\t\t\t\t\t\t\t\t\t\t<span class=\"breadcrumb-home-icon et-pb-icon\">&#x31;<\/span>\n\t\t\t\t\t\t\t\t\t<\/span>\n\t\t\t\t\t\t\t\t<\/a>\n\t\t\t\t\t\t\t\t<meta property=\"position\" content=\"1\" \/>\n\t\t\t\t\t\t\t<\/li>\n\t\t\t\t<\/ol>\n\t\t\t<\/div>\n\t\t\t\t<\/div>\n\t\t\t<\/div>Vide LeadershipInom omr\u00e5det Strategi &amp; Ledarskap samarbetar ProLegal med Vide Leadership som drivs av Nina Wittholt. Strategi [&hellip;]<\/p>\n","protected":false},"author":1,"featured_media":0,"parent":4303,"menu_order":0,"comment_status":"closed","ping_status":"closed","template":"","meta":{"_et_pb_use_builder":"on","_et_pb_old_content":"","_et_gb_content_width":"","footnotes":""},"class_list":["post-4418","page","type-page","status-publish","hentry"],"yoast_head":"<!-- This site is optimized with the Yoast SEO plugin v27.6 - https:\/\/yoast.com\/product\/yoast-seo-wordpress\/ -->\n<title>Samarbetspartners - ProLegal<\/title>\n<meta name=\"robots\" content=\"index, follow, max-snippet:-1, max-image-preview:large, max-video-preview:-1\" \/>\n<link rel=\"canonical\" href=\"https:\/\/prolegal.se\/en\/om-prolegal\/samarbetspartners\/\" \/>\n<meta property=\"og:locale\" content=\"en_US\" \/>\n<meta property=\"og:type\" content=\"article\" \/>\n<meta property=\"og:title\" content=\"Samarbetspartners - ProLegal\" \/>\n<meta property=\"og:description\" content=\"V\u00e5ra samarbetspartners kompletterar v\u00e5r kompetens och bidrar till helhetsl\u00f6sningar anpassade efter kundens behov.Vide LeadershipInom omr\u00e5det Strategi &amp; Ledarskap samarbetar ProLegal med Vide Leadership som drivs av Nina Wittholt. Strategi [&hellip;]\" \/>\n<meta property=\"og:url\" content=\"https:\/\/prolegal.se\/en\/om-prolegal\/samarbetspartners\/\" \/>\n<meta property=\"og:site_name\" content=\"ProLegal\" \/>\n<meta property=\"article:modified_time\" content=\"2026-04-10T07:03:57+00:00\" \/>\n<meta name=\"twitter:card\" content=\"summary_large_image\" \/>\n<meta name=\"twitter:label1\" content=\"Est. reading time\" \/>\n\t<meta name=\"twitter:data1\" content=\"9 minutes\" \/>\n<script type=\"application\/ld+json\" class=\"yoast-schema-graph\">{\"@context\":\"https:\\\/\\\/schema.org\",\"@graph\":[{\"@type\":\"WebPage\",\"@id\":\"https:\\\/\\\/prolegal.se\\\/om-prolegal\\\/samarbetspartners\\\/\",\"url\":\"https:\\\/\\\/prolegal.se\\\/om-prolegal\\\/samarbetspartners\\\/\",\"name\":\"Samarbetspartners - ProLegal\",\"isPartOf\":{\"@id\":\"https:\\\/\\\/prolegal.se\\\/#website\"},\"datePublished\":\"2026-03-05T18:54:57+00:00\",\"dateModified\":\"2026-04-10T07:03:57+00:00\",\"breadcrumb\":{\"@id\":\"https:\\\/\\\/prolegal.se\\\/om-prolegal\\\/samarbetspartners\\\/#breadcrumb\"},\"inLanguage\":\"en-US\",\"potentialAction\":[{\"@type\":\"ReadAction\",\"target\":[\"https:\\\/\\\/prolegal.se\\\/om-prolegal\\\/samarbetspartners\\\/\"]}]},{\"@type\":\"BreadcrumbList\",\"@id\":\"https:\\\/\\\/prolegal.se\\\/om-prolegal\\\/samarbetspartners\\\/#breadcrumb\",\"itemListElement\":[{\"@type\":\"ListItem\",\"position\":1,\"name\":\"Home\",\"item\":\"https:\\\/\\\/prolegal.se\\\/\"},{\"@type\":\"ListItem\",\"position\":2,\"name\":\"Om Prolegal\",\"item\":\"https:\\\/\\\/prolegal.se\\\/om-prolegal\\\/\"},{\"@type\":\"ListItem\",\"position\":3,\"name\":\"Samarbetspartners\"}]},{\"@type\":\"WebSite\",\"@id\":\"https:\\\/\\\/prolegal.se\\\/#website\",\"url\":\"https:\\\/\\\/prolegal.se\\\/\",\"name\":\"ProLegal\",\"description\":\"Er egen bolagsjurist\",\"publisher\":{\"@id\":\"https:\\\/\\\/prolegal.se\\\/#organization\"},\"potentialAction\":[{\"@type\":\"SearchAction\",\"target\":{\"@type\":\"EntryPoint\",\"urlTemplate\":\"https:\\\/\\\/prolegal.se\\\/?s={search_term_string}\"},\"query-input\":{\"@type\":\"PropertyValueSpecification\",\"valueRequired\":true,\"valueName\":\"search_term_string\"}}],\"inLanguage\":\"en-US\"},{\"@type\":\"Organization\",\"@id\":\"https:\\\/\\\/prolegal.se\\\/#organization\",\"name\":\"ProLegal G\u00f6teborg AB\",\"url\":\"https:\\\/\\\/prolegal.se\\\/\",\"logo\":{\"@type\":\"ImageObject\",\"inLanguage\":\"en-US\",\"@id\":\"https:\\\/\\\/prolegal.se\\\/#\\\/schema\\\/logo\\\/image\\\/\",\"url\":\"https:\\\/\\\/prolegal.se\\\/wp-content\\\/uploads\\\/2026\\\/04\\\/ProLegal-plum_1f.png\",\"contentUrl\":\"https:\\\/\\\/prolegal.se\\\/wp-content\\\/uploads\\\/2026\\\/04\\\/ProLegal-plum_1f.png\",\"width\":1000,\"height\":662,\"caption\":\"ProLegal G\u00f6teborg AB\"},\"image\":{\"@id\":\"https:\\\/\\\/prolegal.se\\\/#\\\/schema\\\/logo\\\/image\\\/\"},\"sameAs\":[\"https:\\\/\\\/www.linkedin.com\\\/company\\\/2923011\\\/admin\\\/dashboard\\\/\"]}]}<\/script>\n<!-- \/ Yoast SEO plugin. -->","yoast_head_json":{"title":"Samarbetspartners - ProLegal","robots":{"index":"index","follow":"follow","max-snippet":"max-snippet:-1","max-image-preview":"max-image-preview:large","max-video-preview":"max-video-preview:-1"},"canonical":"https:\/\/prolegal.se\/en\/om-prolegal\/samarbetspartners\/","og_locale":"en_US","og_type":"article","og_title":"Samarbetspartners - ProLegal","og_description":"V\u00e5ra samarbetspartners kompletterar v\u00e5r kompetens och bidrar till helhetsl\u00f6sningar anpassade efter kundens behov.Vide LeadershipInom omr\u00e5det Strategi &amp; Ledarskap samarbetar ProLegal med Vide Leadership som drivs av Nina Wittholt. Strategi [&hellip;]","og_url":"https:\/\/prolegal.se\/en\/om-prolegal\/samarbetspartners\/","og_site_name":"ProLegal","article_modified_time":"2026-04-10T07:03:57+00:00","twitter_card":"summary_large_image","twitter_misc":{"Est. reading time":"9 minutes"},"schema":{"@context":"https:\/\/schema.org","@graph":[{"@type":"WebPage","@id":"https:\/\/prolegal.se\/om-prolegal\/samarbetspartners\/","url":"https:\/\/prolegal.se\/om-prolegal\/samarbetspartners\/","name":"Samarbetspartners - ProLegal","isPartOf":{"@id":"https:\/\/prolegal.se\/#website"},"datePublished":"2026-03-05T18:54:57+00:00","dateModified":"2026-04-10T07:03:57+00:00","breadcrumb":{"@id":"https:\/\/prolegal.se\/om-prolegal\/samarbetspartners\/#breadcrumb"},"inLanguage":"en-US","potentialAction":[{"@type":"ReadAction","target":["https:\/\/prolegal.se\/om-prolegal\/samarbetspartners\/"]}]},{"@type":"BreadcrumbList","@id":"https:\/\/prolegal.se\/om-prolegal\/samarbetspartners\/#breadcrumb","itemListElement":[{"@type":"ListItem","position":1,"name":"Home","item":"https:\/\/prolegal.se\/"},{"@type":"ListItem","position":2,"name":"Om Prolegal","item":"https:\/\/prolegal.se\/om-prolegal\/"},{"@type":"ListItem","position":3,"name":"Samarbetspartners"}]},{"@type":"WebSite","@id":"https:\/\/prolegal.se\/#website","url":"https:\/\/prolegal.se\/","name":"About","description":"Er egen bolagsjurist","publisher":{"@id":"https:\/\/prolegal.se\/#organization"},"potentialAction":[{"@type":"SearchAction","target":{"@type":"EntryPoint","urlTemplate":"https:\/\/prolegal.se\/?s={search_term_string}"},"query-input":{"@type":"PropertyValueSpecification","valueRequired":true,"valueName":"search_term_string"}}],"inLanguage":"en-US"},{"@type":"Organization","@id":"https:\/\/prolegal.se\/#organization","name":"ProLegal G\u00f6teborg AB","url":"https:\/\/prolegal.se\/","logo":{"@type":"ImageObject","inLanguage":"en-US","@id":"https:\/\/prolegal.se\/#\/schema\/logo\/image\/","url":"https:\/\/prolegal.se\/wp-content\/uploads\/2026\/04\/ProLegal-plum_1f.png","contentUrl":"https:\/\/prolegal.se\/wp-content\/uploads\/2026\/04\/ProLegal-plum_1f.png","width":1000,"height":662,"caption":"ProLegal G\u00f6teborg AB"},"image":{"@id":"https:\/\/prolegal.se\/#\/schema\/logo\/image\/"},"sameAs":["https:\/\/www.linkedin.com\/company\/2923011\/admin\/dashboard\/"]}]}},"_links":{"self":[{"href":"https:\/\/prolegal.se\/en\/wp-json\/wp\/v2\/pages\/4418","targetHints":{"allow":["GET"]}}],"collection":[{"href":"https:\/\/prolegal.se\/en\/wp-json\/wp\/v2\/pages"}],"about":[{"href":"https:\/\/prolegal.se\/en\/wp-json\/wp\/v2\/types\/page"}],"author":[{"embeddable":true,"href":"https:\/\/prolegal.se\/en\/wp-json\/wp\/v2\/users\/1"}],"replies":[{"embeddable":true,"href":"https:\/\/prolegal.se\/en\/wp-json\/wp\/v2\/comments?post=4418"}],"version-history":[{"count":13,"href":"https:\/\/prolegal.se\/en\/wp-json\/wp\/v2\/pages\/4418\/revisions"}],"predecessor-version":[{"id":5694,"href":"https:\/\/prolegal.se\/en\/wp-json\/wp\/v2\/pages\/4418\/revisions\/5694"}],"up":[{"embeddable":true,"href":"https:\/\/prolegal.se\/en\/wp-json\/wp\/v2\/pages\/4303"}],"wp:attachment":[{"href":"https:\/\/prolegal.se\/en\/wp-json\/wp\/v2\/media?parent=4418"}],"curies":[{"name":"wp","href":"https:\/\/api.w.org\/{rel}","templated":true}]}}