{"id":4450,"date":"2026-03-05T22:00:41","date_gmt":"2026-03-05T22:00:41","guid":{"rendered":"https:\/\/development.prolegal.se\/?page_id=4450"},"modified":"2026-05-04T09:11:44","modified_gmt":"2026-05-04T09:11:44","slug":"aktuellt","status":"publish","type":"page","link":"https:\/\/prolegal.se\/en\/aktuellt\/","title":{"rendered":"Aktuellt"},"content":{"rendered":"<p>[et_pb_section fb_built=&#8221;1&#8243; admin_label=&#8221;Mall tj\u00e4nster&#8221; _builder_version=&#8221;4.27.6&#8243; _module_preset=&#8221;default&#8221; background_color=&#8221;#2b2734&#8243; background_image=&#8221;https:\/\/prolegal.se\/wp-content\/uploads\/2026\/05\/g_symbol-1500x2_plum.png&#8221; background_position=&#8221;top_center&#8221; position_origin_a=&#8221;top_center&#8221; z_index=&#8221;0&#8243; height=&#8221;50vw&#8221; height_tablet=&#8221;60vh&#8221; height_phone=&#8221;80vh&#8221; height_last_edited=&#8221;on|tablet&#8221; custom_margin=&#8221;0px|0px|0px|0px|true|true&#8221; custom_padding=&#8221;0px|0px|0px|0px|true|true&#8221; sticky_position=&#8221;top&#8221; hover_enabled=&#8221;0&#8243; sticky_position_tablet=&#8221;none&#8221; sticky_position_phone=&#8221;none&#8221; sticky_position_last_edited=&#8221;on|tablet&#8221; locked=&#8221;off&#8221; global_colors_info=&#8221;{}&#8221; sticky_enabled=&#8221;0&#8243; title_text=&#8221;g_symbol 1500x2_plum&#8221;][et_pb_row column_structure=&#8221;1_2,1_2&#8243; use_custom_gutter=&#8221;on&#8221; gutter_width=&#8221;1&#8243; _builder_version=&#8221;4.27.5&#8243; _module_preset=&#8221;default&#8221; positioning=&#8221;absolute&#8221; position_origin_a=&#8221;bottom_center&#8221; vertical_offset=&#8221;58px&#8221; vertical_offset_tablet=&#8221;40px&#8221; vertical_offset_phone=&#8221;40px&#8221; vertical_offset_last_edited=&#8221;on|desktop&#8221; position_origin_a_tablet=&#8221;bottom_center&#8221; position_origin_a_phone=&#8221;bottom_center&#8221; position_origin_a_last_edited=&#8221;on|desktop&#8221; position_origin_f_tablet=&#8221;&#8221; position_origin_f_phone=&#8221;&#8221; position_origin_f_last_edited=&#8221;on|desktop&#8221; position_origin_r_tablet=&#8221;&#8221; position_origin_r_phone=&#8221;&#8221; position_origin_r_last_edited=&#8221;on|desktop&#8221; width=&#8221;95%&#8221; width_tablet=&#8221;90%&#8221; width_phone=&#8221;90%&#8221; width_last_edited=&#8221;on|tablet&#8221; max_width=&#8221;95%&#8221; custom_padding=&#8221;0px||0px||true|false&#8221; sticky_position=&#8221;top&#8221; positioning_tablet=&#8221;absolute&#8221; positioning_phone=&#8221;absolute&#8221; positioning_last_edited=&#8221;on|desktop&#8221; sticky_position_tablet=&#8221;none&#8221; sticky_position_phone=&#8221;none&#8221; sticky_position_last_edited=&#8221;on|phone&#8221; locked=&#8221;off&#8221; global_colors_info=&#8221;{}&#8221;][et_pb_column type=&#8221;1_2&#8243; _builder_version=&#8221;4.27.5&#8243; _module_preset=&#8221;default&#8221; global_colors_info=&#8221;{}&#8221;][et_pb_text _builder_version=&#8221;4.27.5&#8243; _module_preset=&#8221;default&#8221; text_font=&#8221;Playfair Display|500|||||||&#8221; text_text_color=&#8221;#FFFFFF&#8221; text_font_size=&#8221;3.1vw&#8221; text_line_height=&#8221;1.3em&#8221; header_font=&#8221;Playfair Display|700|||||||&#8221; header_text_color=&#8221;#FFFFFF&#8221; header_font_size=&#8221;4vw&#8221; header_line_height=&#8221;1.2em&#8221; width=&#8221;100%&#8221; animation_style=&#8221;slide&#8221; animation_direction=&#8221;bottom&#8221; animation_duration=&#8221;1500ms&#8221; animation_delay=&#8221;50ms&#8221; animation_intensity_slide=&#8221;30%&#8221; animation_starting_opacity=&#8221;100%&#8221; text_font_size_tablet=&#8221;55px&#8221; text_font_size_phone=&#8221;24px&#8221; text_font_size_last_edited=&#8221;on|phone&#8221; header_font_size_tablet=&#8221;55px&#8221; header_font_size_phone=&#8221;32px&#8221; header_font_size_last_edited=&#8221;on|desktop&#8221; locked=&#8221;off&#8221; global_colors_info=&#8221;{}&#8221;]<\/p>\n<h1><span>Nyheter, aktuella fr\u00e5gor<br \/>och uppdateringar fr\u00e5n<br \/>v\u00e5r verksamhet.<\/span><\/h1>\n<p>[\/et_pb_text][\/et_pb_column][et_pb_column type=&#8221;1_2&#8243; _builder_version=&#8221;4.27.5&#8243; _module_preset=&#8221;default&#8221; global_colors_info=&#8221;{}&#8221;][\/et_pb_column][\/et_pb_row][\/et_pb_section][et_pb_section fb_built=&#8221;1&#8243; custom_padding_last_edited=&#8221;on|tablet&#8221; admin_label=&#8221;Hur vi arbetar med tj\u00e4nsten&#8221; _builder_version=&#8221;4.27.5&#8243; _module_preset=&#8221;default&#8221; background_color=&#8221;gcid-d66dfce4-91e2-4922-a347-2803c04192ab&#8221; z_index=&#8221;1&#8243; custom_padding=&#8221;||65px||false|false&#8221; custom_padding_tablet=&#8221;||100px||false|false&#8221; custom_padding_phone=&#8221;||100px||false|false&#8221; locked=&#8221;off&#8221; global_colors_info=&#8221;{%22gcid-d66dfce4-91e2-4922-a347-2803c04192ab%22:%91%22background_color%22%93}&#8221;][et_pb_row _builder_version=&#8221;4.27.5&#8243; _module_preset=&#8221;default&#8221; width=&#8221;95%&#8221; width_tablet=&#8221;90%&#8221; width_phone=&#8221;90%&#8221; width_last_edited=&#8221;on|tablet&#8221; max_width=&#8221;95%&#8221; custom_margin=&#8221;|auto|60px|auto|false|false&#8221; custom_margin_tablet=&#8221;||50px||false|false&#8221; custom_margin_phone=&#8221;||25px||false|false&#8221; custom_margin_last_edited=&#8221;on|phone&#8221; custom_padding=&#8221;10px||||false|false&#8221; animation_style=&#8221;slide&#8221; animation_direction=&#8221;bottom&#8221; animation_duration=&#8221;1500ms&#8221; animation_delay=&#8221;50ms&#8221; animation_intensity_slide=&#8221;20%&#8221; animation_starting_opacity=&#8221;100%&#8221; border_width_top=&#8221;1px&#8221; border_color_top=&#8221;#000000&#8243; locked=&#8221;off&#8221; global_colors_info=&#8221;{}&#8221;][et_pb_column type=&#8221;4_4&#8243; _builder_version=&#8221;4.27.5&#8243; _module_preset=&#8221;default&#8221; global_colors_info=&#8221;{}&#8221;][dipl_breadcrumb breadcrumb_layout=&#8221;layout2&#8243; separator_color=&#8221;#3d384a&#8221; use_home_link_custom_text=&#8221;off&#8221; use_home_link_icon=&#8221;on&#8221; hide_home_text=&#8221;on&#8221; home_link_icon=&#8221;&#x31;||divi||400&#8243; home_link_icon_color=&#8221;#d64a50&#8243; home_link_icon_size=&#8221;18px&#8221; _builder_version=&#8221;4.27.5&#8243; _module_preset=&#8221;default&#8221; global_text_settings_font_size=&#8221;0.9vw&#8221; text_font=&#8221;Noto Sans|||on|||||&#8221; text_text_color=&#8221;#2a2a2a&#8221; text_letter_spacing=&#8221;1px&#8221; link_font=&#8221;Noto Sans|||on|||||&#8221; link_text_color=&#8221;#d64a50&#8243; link_letter_spacing=&#8221;1px&#8221; global_text_settings_font_size_tablet=&#8221;14px&#8221; global_text_settings_font_size_phone=&#8221;11px&#8221; global_text_settings_font_size_last_edited=&#8221;on|phone&#8221; locked=&#8221;off&#8221; global_colors_info=&#8221;{}&#8221;][\/dipl_breadcrumb][\/et_pb_column][\/et_pb_row][et_pb_row use_custom_gutter=&#8221;on&#8221; gutter_width=&#8221;2&#8243; custom_padding_last_edited=&#8221;on|desktop&#8221; _builder_version=&#8221;4.27.5&#8243; _module_preset=&#8221;default&#8221; width=&#8221;95%&#8221; width_tablet=&#8221;90%&#8221; width_phone=&#8221;90%&#8221; width_last_edited=&#8221;on|tablet&#8221; max_width=&#8221;95%&#8221; custom_margin=&#8221;||100px||false|false&#8221; custom_padding=&#8221;||100px||false|false&#8221; custom_padding_tablet=&#8221;||7vh||false|false&#8221; custom_padding_phone=&#8221;||7vh||false|false&#8221; sticky_limit_bottom=&#8221;section&#8221; sticky_position_tablet=&#8221;none&#8221; sticky_position_phone=&#8221;none&#8221; sticky_position_last_edited=&#8221;on|desktop&#8221; border_color_top=&#8221;#000000&#8243; border_width_bottom=&#8221;1px&#8221; locked=&#8221;off&#8221; global_colors_info=&#8221;{}&#8221;][et_pb_column type=&#8221;4_4&#8243; _builder_version=&#8221;4.27.5&#8243; _module_preset=&#8221;default&#8221; global_colors_info=&#8221;{}&#8221;][et_pb_blog_extras include_categories=&#8221;10,6,3,4,11,14,13,9,7&#8243; blog_layout=&#8221;full_width&#8221; use_overlay=&#8221;on&#8221; overlay_icon_color=&#8221;#fdfeec&#8221; hover_overlay_color=&#8221;rgba(0,0,0,0.2)&#8221; excerpt_length=&#8221;200&#8243; use_read_more_button=&#8221;on&#8221; read_more_text=&#8221;L\u00e4s vidare&#8221; show_author=&#8221;off&#8221; show_categories=&#8221;off&#8221; show_comments=&#8221;off&#8221; show_load_more=&#8221;on&#8221; load_more_text=&#8221;Fler inl\u00e4gg&#8221; show_less_text=&#8221;F\u00e4rre inl\u00e4gg&#8221; disabled_on=&#8221;off|off|off&#8221; masonry_columns_tablet=&#8221;2&#8243; masonry_columns_phone=&#8221;1&#8243; masonry_columns_last_edited=&#8221;on|phone&#8221; _builder_version=&#8221;4.27.5&#8243; _module_preset=&#8221;default&#8221; filterable_category_font=&#8221;&#8211;et_global_body_font||||||||&#8221; filterable_category_text_color=&#8221;#000000&#8243; filterable_category_font_size=&#8221;0.9vw&#8221; active_filterable_category_font=&#8221;||||||||&#8221; header_font=&#8221;Playfair Display|700|||||||&#8221; header_text_color=&#8221;#262626&#8243; header_font_size=&#8221;2vw&#8221; header_line_height=&#8221;1.3em&#8221; body_font=&#8221;Noto Sans|300|||||||&#8221; body_text_color=&#8221;#000000&#8243; body_font_size=&#8221;1.1vw&#8221; body_line_height=&#8221;1.4em&#8221; meta_font=&#8221;Noto Sans|300|||||||&#8221; meta_text_color=&#8221;#1e1e1e&#8221; background_color=&#8221;RGBA(255,255,255,0)&#8221; custom_ajax_pagination=&#8221;on&#8221; ajax_pagination_text_size=&#8221;0.8vw&#8221; ajax_pagination_text_color=&#8221;#000000&#8243; ajax_pagination_border_width=&#8221;1px&#8221; ajax_pagination_border_color=&#8221;#EB5A46&#8243; ajax_pagination_border_radius=&#8221;50px&#8221; ajax_pagination_letter_spacing=&#8221;1px&#8221; ajax_pagination_font=&#8221;Noto Sans|||on|||||&#8221; ajax_pagination_icon=&#8221;&#x26;||divi||400&#8243; ajax_pagination_icon_color=&#8221;#000000&#8243; ajax_pagination_on_hover=&#8221;off&#8221; ajax_pagination_custom_padding=&#8221;10px|35px|10px|25px|true|false&#8221; custom_read_more=&#8221;on&#8221; read_more_text_size=&#8221;0.8vw&#8221; read_more_text_color=&#8221;#000000&#8243; read_more_bg_color=&#8221;RGBA(255,255,255,0)&#8221; read_more_border_width=&#8221;0px&#8221; read_more_border_color=&#8221;#000000&#8243; read_more_border_radius=&#8221;0px&#8221; read_more_letter_spacing=&#8221;1px&#8221; read_more_font=&#8221;Noto Sans|||on|||||&#8221; read_more_icon=&#8221;&#x26;||divi||400&#8243; read_more_on_hover=&#8221;off&#8221; read_more_alignment=&#8221;right&#8221; read_more_custom_margin=&#8221;||||false|false&#8221; read_more_custom_padding=&#8221;10px||20px||false|false&#8221; width_tablet=&#8221;100%&#8221; width_phone=&#8221;100%&#8221; width_last_edited=&#8221;on|tablet&#8221; custom_margin=&#8221;||||false|false&#8221; custom_padding=&#8221;||||false|false&#8221; animation_style=&#8221;slide&#8221; animation_direction=&#8221;bottom&#8221; animation_intensity_slide=&#8221;3%&#8221; animation_starting_opacity=&#8221;90%&#8221; filterable_category_font_size_tablet=&#8221;14px&#8221; filterable_category_font_size_phone=&#8221;14px&#8221; filterable_category_font_size_last_edited=&#8221;on|desktop&#8221; active_filterable_category_font_size_tablet=&#8221;14vw&#8221; active_filterable_category_font_size_phone=&#8221;14vw&#8221; active_filterable_category_font_size_last_edited=&#8221;on|desktop&#8221; header_font_size_tablet=&#8221;25px&#8221; header_font_size_phone=&#8221;25px&#8221; header_font_size_last_edited=&#8221;on|desktop&#8221; header_line_height_tablet=&#8221;1.3em&#8221; header_line_height_phone=&#8221;1.3em&#8221; header_line_height_last_edited=&#8221;on|tablet&#8221; body_font_size_tablet=&#8221;18px&#8221; body_font_size_phone=&#8221;18px&#8221; body_font_size_last_edited=&#8221;on|tablet&#8221; meta_font_size_tablet=&#8221;&#8221; meta_font_size_phone=&#8221;12px&#8221; meta_font_size_last_edited=&#8221;on|phone&#8221; ajax_pagination_text_size_tablet=&#8221;14px&#8221; ajax_pagination_text_size_phone=&#8221;14px&#8221; ajax_pagination_text_size_last_edited=&#8221;on|desktop&#8221; read_more_text_size_tablet=&#8221;14px&#8221; read_more_text_size_phone=&#8221;14px&#8221; read_more_text_size_last_edited=&#8221;on|desktop&#8221; border_color_all=&#8221;RGBA(255,255,255,0)&#8221; border_width_bottom=&#8221;1px&#8221; border_color_bottom=&#8221;#FFFFFF&#8221; locked=&#8221;off&#8221; global_colors_info=&#8221;{}&#8221; filterable_category_text_color__hover_enabled=&#8221;on|desktop&#8221; filterable_category_text_color__hover=&#8221;#FFFFFF&#8221; read_more_text_color__hover_enabled=&#8221;on|desktop&#8221; read_more_text_color__hover=&#8221;#000000&#8243; read_more_bg_color__hover_enabled=&#8221;on|hover&#8221; read_more_bg_color__hover=&#8221;&#8221; read_more_bg_enable_color__hover=&#8221;off&#8221; read_more_border_color__hover_enabled=&#8221;on|desktop&#8221; read_more_border_color__hover=&#8221;#FFFFFF&#8221; read_more_letter_spacing__hover_enabled=&#8221;on|hover&#8221; read_more_letter_spacing__hover=&#8221;2px&#8221; width__hover_enabled=&#8221;on|desktop&#8221; filterable_category_background_color__hover_enabled=&#8221;on|hover&#8221; filterable_category_background_color__hover=&#8221;#EB5A46&#8243; filterable_category_background_enable_color__hover=&#8221;on&#8221; ajax_pagination_text_color__hover_enabled=&#8221;on|hover&#8221; ajax_pagination_text_color__hover=&#8221;#FFFFFF&#8221; ajax_pagination_bg_color__hover_enabled=&#8221;on|hover&#8221; ajax_pagination_bg_color__hover=&#8221;#EB5A46&#8243; ajax_pagination_bg_enable_color__hover=&#8221;on&#8221; ajax_pagination_border_color__hover_enabled=&#8221;on|hover&#8221; ajax_pagination_border_color__hover=&#8221;RGBA(255,255,255,0)&#8221; ajax_pagination_letter_spacing__hover_enabled=&#8221;on|hover&#8221; ajax_pagination_letter_spacing__hover=&#8221;2px&#8221; ajax_pagination_icon_color__hover_enabled=&#8221;on|desktop&#8221; ajax_pagination_icon_color__hover=&#8221;#FFFFFF&#8221; ajax_pagination_border_width__hover_enabled=&#8221;on|desktop&#8221; ajax_pagination_border_width__hover=&#8221;2px&#8221; filterable_category_letter_spacing__hover_enabled=&#8221;on|desktop&#8221; filterable_category_letter_spacing__hover=&#8221;1px&#8221; active_filterable_category_text_color__hover_enabled=&#8221;on|desktop&#8221;][\/et_pb_blog_extras][\/et_pb_column][\/et_pb_row][\/et_pb_section]<\/p>\n","protected":false},"excerpt":{"rendered":"<p>Nyheter, aktuella fr\u00e5goroch uppdateringar fr\u00e5nv\u00e5r verksamhet.<div class=\"et_pb_module dipl_breadcrumb dipl_breadcrumb_0\">\n\t\t\t\t\n\t\t\t\t\n\t\t\t\t\n\t\t\t\t\n\t\t\t\t\n\t\t\t\t\n\t\t\t\t<div class=\"et_pb_module_inner\">\n\t\t\t\t\t<div class=\"dipl-breadcrumb-wrapper layout2\">\n\t\t\t\t<ol class=\"dipl-breadcrumb-inner\" vocab=\"https:\/\/schema.org\/\" typeof=\"BreadcrumbList\">\n\t\t\t\t\t<li property=\"itemListElement\" typeof=\"ListItem\" data-icon=\"&#x24;\">\n\t\t\t\t\t\t\t\t<a class=\"breadcrumb-item dipl-home-page\" href=\"https:\/\/prolegal.se\/en\" property=\"item\" typeof=\"WebPage\" >\n\t\t\t\t\t\t\t\t\t<span class=\"breadcrumb-page\" property=\"name\">\n\t\t\t\t\t\t\t\t\t\t<span class=\"breadcrumb-home-icon et-pb-icon\">&#x31;<\/span>\n\t\t\t\t\t\t\t\t\t<\/span>\n\t\t\t\t\t\t\t\t<\/a>\n\t\t\t\t\t\t\t\t<meta property=\"position\" content=\"1\" \/>\n\t\t\t\t\t\t\t<\/li>\n\t\t\t\t<\/ol>\n\t\t\t<\/div>\n\t\t\t\t<\/div>\n\t\t\t<\/div><\/p>","protected":false},"author":1,"featured_media":0,"parent":0,"menu_order":0,"comment_status":"closed","ping_status":"closed","template":"","meta":{"_et_pb_use_builder":"on","_et_pb_old_content":"","_et_gb_content_width":"","footnotes":""},"class_list":["post-4450","page","type-page","status-publish","hentry"],"yoast_head":"<!-- This site is optimized with the Yoast SEO plugin v27.6 - https:\/\/yoast.com\/product\/yoast-seo-wordpress\/ -->\n<title>Aktuellt - ProLegal - Nyheter<\/title>\n<meta name=\"description\" content=\"Nyheter, aktuella aff\u00e4rsjuridiska fr\u00e5gor och uppdateringar fr\u00e5n v\u00e5r verksamhet.\" \/>\n<meta name=\"robots\" content=\"index, follow, max-snippet:-1, max-image-preview:large, max-video-preview:-1\" \/>\n<link rel=\"canonical\" href=\"https:\/\/prolegal.se\/en\/aktuellt\/\" \/>\n<meta property=\"og:locale\" content=\"en_US\" \/>\n<meta property=\"og:type\" content=\"article\" \/>\n<meta property=\"og:title\" content=\"Aktuellt - ProLegal - Nyheter\" \/>\n<meta property=\"og:description\" content=\"Nyheter, aktuella aff\u00e4rsjuridiska fr\u00e5gor och uppdateringar fr\u00e5n v\u00e5r verksamhet.\" \/>\n<meta property=\"og:url\" content=\"https:\/\/prolegal.se\/en\/aktuellt\/\" \/>\n<meta property=\"og:site_name\" content=\"ProLegal\" \/>\n<meta property=\"article:modified_time\" content=\"2026-05-04T09:11:44+00:00\" \/>\n<meta name=\"twitter:card\" content=\"summary_large_image\" \/>\n<meta name=\"twitter:label1\" content=\"Est. reading time\" \/>\n\t<meta name=\"twitter:data1\" content=\"5 minutes\" \/>\n<script type=\"application\/ld+json\" class=\"yoast-schema-graph\">{\"@context\":\"https:\\\/\\\/schema.org\",\"@graph\":[{\"@type\":\"WebPage\",\"@id\":\"https:\\\/\\\/prolegal.se\\\/aktuellt\\\/\",\"url\":\"https:\\\/\\\/prolegal.se\\\/aktuellt\\\/\",\"name\":\"Aktuellt - ProLegal - Nyheter\",\"isPartOf\":{\"@id\":\"https:\\\/\\\/prolegal.se\\\/#website\"},\"datePublished\":\"2026-03-05T22:00:41+00:00\",\"dateModified\":\"2026-05-04T09:11:44+00:00\",\"description\":\"Nyheter, aktuella aff\u00e4rsjuridiska fr\u00e5gor och uppdateringar fr\u00e5n v\u00e5r verksamhet.\",\"breadcrumb\":{\"@id\":\"https:\\\/\\\/prolegal.se\\\/aktuellt\\\/#breadcrumb\"},\"inLanguage\":\"en-US\",\"potentialAction\":[{\"@type\":\"ReadAction\",\"target\":[\"https:\\\/\\\/prolegal.se\\\/aktuellt\\\/\"]}]},{\"@type\":\"BreadcrumbList\",\"@id\":\"https:\\\/\\\/prolegal.se\\\/aktuellt\\\/#breadcrumb\",\"itemListElement\":[{\"@type\":\"ListItem\",\"position\":1,\"name\":\"Home\",\"item\":\"https:\\\/\\\/prolegal.se\\\/\"},{\"@type\":\"ListItem\",\"position\":2,\"name\":\"Aktuellt\"}]},{\"@type\":\"WebSite\",\"@id\":\"https:\\\/\\\/prolegal.se\\\/#website\",\"url\":\"https:\\\/\\\/prolegal.se\\\/\",\"name\":\"ProLegal\",\"description\":\"Er egen bolagsjurist\",\"publisher\":{\"@id\":\"https:\\\/\\\/prolegal.se\\\/#organization\"},\"potentialAction\":[{\"@type\":\"SearchAction\",\"target\":{\"@type\":\"EntryPoint\",\"urlTemplate\":\"https:\\\/\\\/prolegal.se\\\/?s={search_term_string}\"},\"query-input\":{\"@type\":\"PropertyValueSpecification\",\"valueRequired\":true,\"valueName\":\"search_term_string\"}}],\"inLanguage\":\"en-US\"},{\"@type\":\"Organization\",\"@id\":\"https:\\\/\\\/prolegal.se\\\/#organization\",\"name\":\"ProLegal G\u00f6teborg AB\",\"url\":\"https:\\\/\\\/prolegal.se\\\/\",\"logo\":{\"@type\":\"ImageObject\",\"inLanguage\":\"en-US\",\"@id\":\"https:\\\/\\\/prolegal.se\\\/#\\\/schema\\\/logo\\\/image\\\/\",\"url\":\"https:\\\/\\\/prolegal.se\\\/wp-content\\\/uploads\\\/2026\\\/04\\\/ProLegal-plum_1f.png\",\"contentUrl\":\"https:\\\/\\\/prolegal.se\\\/wp-content\\\/uploads\\\/2026\\\/04\\\/ProLegal-plum_1f.png\",\"width\":1000,\"height\":662,\"caption\":\"ProLegal G\u00f6teborg AB\"},\"image\":{\"@id\":\"https:\\\/\\\/prolegal.se\\\/#\\\/schema\\\/logo\\\/image\\\/\"},\"sameAs\":[\"https:\\\/\\\/www.linkedin.com\\\/company\\\/2923011\\\/admin\\\/dashboard\\\/\"]}]}<\/script>\n<!-- \/ Yoast SEO plugin. -->","yoast_head_json":{"title":"Aktuellt - ProLegal - Nyheter","description":"Nyheter, aktuella aff\u00e4rsjuridiska fr\u00e5gor och uppdateringar fr\u00e5n v\u00e5r verksamhet.","robots":{"index":"index","follow":"follow","max-snippet":"max-snippet:-1","max-image-preview":"max-image-preview:large","max-video-preview":"max-video-preview:-1"},"canonical":"https:\/\/prolegal.se\/en\/aktuellt\/","og_locale":"en_US","og_type":"article","og_title":"Aktuellt - ProLegal - Nyheter","og_description":"Nyheter, aktuella aff\u00e4rsjuridiska fr\u00e5gor och uppdateringar fr\u00e5n v\u00e5r verksamhet.","og_url":"https:\/\/prolegal.se\/en\/aktuellt\/","og_site_name":"ProLegal","article_modified_time":"2026-05-04T09:11:44+00:00","twitter_card":"summary_large_image","twitter_misc":{"Est. reading time":"5 minutes"},"schema":{"@context":"https:\/\/schema.org","@graph":[{"@type":"WebPage","@id":"https:\/\/prolegal.se\/aktuellt\/","url":"https:\/\/prolegal.se\/aktuellt\/","name":"Aktuellt - ProLegal - Nyheter","isPartOf":{"@id":"https:\/\/prolegal.se\/#website"},"datePublished":"2026-03-05T22:00:41+00:00","dateModified":"2026-05-04T09:11:44+00:00","description":"Nyheter, aktuella aff\u00e4rsjuridiska fr\u00e5gor och uppdateringar fr\u00e5n v\u00e5r verksamhet.","breadcrumb":{"@id":"https:\/\/prolegal.se\/aktuellt\/#breadcrumb"},"inLanguage":"en-US","potentialAction":[{"@type":"ReadAction","target":["https:\/\/prolegal.se\/aktuellt\/"]}]},{"@type":"BreadcrumbList","@id":"https:\/\/prolegal.se\/aktuellt\/#breadcrumb","itemListElement":[{"@type":"ListItem","position":1,"name":"Home","item":"https:\/\/prolegal.se\/"},{"@type":"ListItem","position":2,"name":"Aktuellt"}]},{"@type":"WebSite","@id":"https:\/\/prolegal.se\/#website","url":"https:\/\/prolegal.se\/","name":"About","description":"Er egen bolagsjurist","publisher":{"@id":"https:\/\/prolegal.se\/#organization"},"potentialAction":[{"@type":"SearchAction","target":{"@type":"EntryPoint","urlTemplate":"https:\/\/prolegal.se\/?s={search_term_string}"},"query-input":{"@type":"PropertyValueSpecification","valueRequired":true,"valueName":"search_term_string"}}],"inLanguage":"en-US"},{"@type":"Organization","@id":"https:\/\/prolegal.se\/#organization","name":"ProLegal G\u00f6teborg AB","url":"https:\/\/prolegal.se\/","logo":{"@type":"ImageObject","inLanguage":"en-US","@id":"https:\/\/prolegal.se\/#\/schema\/logo\/image\/","url":"https:\/\/prolegal.se\/wp-content\/uploads\/2026\/04\/ProLegal-plum_1f.png","contentUrl":"https:\/\/prolegal.se\/wp-content\/uploads\/2026\/04\/ProLegal-plum_1f.png","width":1000,"height":662,"caption":"ProLegal G\u00f6teborg AB"},"image":{"@id":"https:\/\/prolegal.se\/#\/schema\/logo\/image\/"},"sameAs":["https:\/\/www.linkedin.com\/company\/2923011\/admin\/dashboard\/"]}]}},"_links":{"self":[{"href":"https:\/\/prolegal.se\/en\/wp-json\/wp\/v2\/pages\/4450","targetHints":{"allow":["GET"]}}],"collection":[{"href":"https:\/\/prolegal.se\/en\/wp-json\/wp\/v2\/pages"}],"about":[{"href":"https:\/\/prolegal.se\/en\/wp-json\/wp\/v2\/types\/page"}],"author":[{"embeddable":true,"href":"https:\/\/prolegal.se\/en\/wp-json\/wp\/v2\/users\/1"}],"replies":[{"embeddable":true,"href":"https:\/\/prolegal.se\/en\/wp-json\/wp\/v2\/comments?post=4450"}],"version-history":[{"count":37,"href":"https:\/\/prolegal.se\/en\/wp-json\/wp\/v2\/pages\/4450\/revisions"}],"predecessor-version":[{"id":6600,"href":"https:\/\/prolegal.se\/en\/wp-json\/wp\/v2\/pages\/4450\/revisions\/6600"}],"wp:attachment":[{"href":"https:\/\/prolegal.se\/en\/wp-json\/wp\/v2\/media?parent=4450"}],"curies":[{"name":"wp","href":"https:\/\/api.w.org\/{rel}","templated":true}]}}